{"id":6706,"date":"2025-11-25T17:19:27","date_gmt":"2025-11-25T16:19:27","guid":{"rendered":"https:\/\/www.transfermove.com\/booking\/"},"modified":"2026-02-27T16:58:58","modified_gmt":"2026-02-27T15:58:58","slug":"reserver","status":"publish","type":"page","link":"https:\/\/www.transfermove.com\/fr\/reserver\/","title":{"rendered":"R\u00e9server"},"content":{"rendered":"\n<h2 class=\"wp-block-heading\">R\u00e9servez votre chauffeur priv\u00e9 en toute s\u00e9r\u00e9nit\u00e9<\/h2>\n\n\n\n<h3 class=\"wp-block-heading\">\u2b50\u2b50\u2b50\u2b50\u2b50 Not\u00e9 5\/5 sur Google &amp; TripAdvisor Prix fixe garanti \u2013 Confirmation imm\u00e9diate \u2013 Service professionnel premium<\/h3>\n\n\n<div class=\"row halio-form-container \"><div class=\"halio-form-header\">\n      <div class=\"halio-company-information center\">R\u00c9SERVATION<\/div>\n    <\/div>\n\n    <div class=\"col-md-4 halio-left-container\">\n      <form class=\"halio-form\" method=\"post\" action=\"\">\n        <input type=\"hidden\" id=\"HalioDistance\" name=\"halio_distance_in_meters\">\n        <input type=\"hidden\" id=\"HalioPrettyDistance\" name=\"halio_distance\">\n        <input type=\"hidden\" id=\"HalioDuration\" name=\"halio_duration_in_seconds\">\n        <input type=\"hidden\" id=\"HalioPrettyDuration\" name=\"halio_duration\">\n        <input type=\"hidden\" id=\"HalioStartingLat\" name=\"halio_starting_coords_lat\">\n        <input type=\"hidden\" id=\"HalioStartingLong\" name=\"halio_starting_coords_long\">\n        <input type=\"hidden\" id=\"HalioDestinationLat\" name=\"halio_destination_coords_lat\">\n        <input type=\"hidden\" id=\"HalioDestinationLong\" name=\"halio_destination_coords_long\">\n        <input type=\"hidden\" id=\"HalioMapStartingCountry\" value=\"France\">\n        <input type=\"hidden\" id=\"HalioUnitSystem\" value=\"Kilom\u00e8tres\">\n        <input type=\"hidden\" id=\"HalioPrice\" name=\"halio_price\">\n        <input type=\"hidden\" id=\"HalioMinuteBuffer\" name=\"halio_minute_buffer\" value=\"1440\"><input type=\"hidden\" id=\"HalioAutocompleteRestriction\" value=\"FR\"><div class=\"halio-input-overlay-group\">\n          <div class=\"halio-overlay\">\n            <span class=\"letter\">\n              <i class=\"fa fa-map-marker\"><\/i>\n            <\/span>\n          <\/div>              <input type=\"text\" id=\"HalioStartingAddress\" aria-describedby=\"starting-address-status\" name=\"halio_starting_address\" placeholder=\"D\u00e9part (a\u00e9roport, h\u00f4tel, adresse, lieu)\" autofocus><\/div>\n\n        <hr class=\"halio-address-separator\">\n\n        <div class=\"halio-input-overlay-group\">\n          <div class=\"halio-overlay\">\n            <span class=\"letter\">\n              <i class=\"fa fa-map-marker\"><\/i>\n            <\/span>\n          <\/div><input type=\"text\" id=\"HalioDestinationAddress\" aria-describedby=\"destination-address-status\" name=\"halio_destination_address\" placeholder=\"Arriv\u00e9e (a\u00e9roport, h\u00f4tel, adresse, lieu)\"><\/div><div class=\"halio-marker-helper-container\" style=\"display: none;\">\n            <span class=\"halio-marker-helper\">Faites glisser les marqueurs pour changer d'emplacement<\/span>\n          <\/div><div class=\"halio-padding-container\">\n          <ul class=\"halio-input-group\"><li class=\"halio-input-container\">\n                <label for=\"HalioVehicleType\">V\u00e9hicule<\/label>\n\n                <div class=\"input-right\">\n                  <select class=\"form-control\" id=\"HalioVehicleType\" name=\"halio_vehicle_id\">\n                    <option disabled selected>V\u00e9hicule...<\/option><option value=\"1\" data-max-occupants=\"2\">\u00c9conomie \/ \u00c9cologique<\/option><option value=\"3\" data-max-occupants=\"2\">Affaires \/ Berline<\/option><option value=\"4\" data-max-occupants=\"7\">Premi\u00e8re \/ Minivan<\/option><option value=\"6\" data-max-occupants=\"14\">Premi\u00e8re \/ Minivan x2<\/option><\/select>\n                <\/div>\n              <\/li><li class=\"halio-input-container\">\n                <label for=\"HalioNoOfOccupants\">Passagers<\/label>\n\n                <div class=\"input-right\">\n                  <select class=\"form-control\" id=\"HalioNoOfOccupants\" name=\"halio_occupants\">\n                    <option selected disabled>Passagers...<\/option><option value=\"1\">1<\/option><option value=\"2\">2<\/option><option value=\"3\">3<\/option><option value=\"4\">4<\/option><\/select>\n                <\/div>\n              <\/li><li class=\"halio-input-container\">\n                <label for=\"HalioDirection\">Type de transfert<\/label>\n\n                <div class=\"input-right\">\n                  <select class=\"form-control\" id=\"HalioDirection\"  name=\"halio_direction\">\n                    <option selected disabled>Type de transfert...<\/option><option value=\"one_way\">Aller<\/option><option value=\"return\">Aller\/Retour<\/option><\/select>\n                <\/div>\n              <\/li><li class=\"halio-input-container\">\n              <label for=\"HalioPickupTime\">Date et heures<\/label>\n\n              <div class=\"input-right\" id=\"HalioPickupTimeContainer\">\n                <input type=\"text\" class=\"form-control\" id=\"HalioPickupTime\" name=\"halio_pick_up_time\" placeholder=\"Date et heures\" data-toggle=\"datetimepicker\" data-target=\"#HalioPickupTime\">\n              <\/div>\n            <\/li>\n\n            <li class=\"halio-input-container return-pick-up-time\" style=\"display: none;\">\n              <label for=\"HalioReturnPickupTime\">Return Date<\/label>\n\n              <div class=\"input-right\" id=\"HalioReturnPickupTimeContainer\">\n                <input type=\"text\" class=\"form-control\" id=\"HalioReturnPickupTime\" name=\"halio_return_pick_up_time\" placeholder=\"Return Date\" data-toggle=\"datetimepicker\" data-target=\"#HalioReturnPickupTime\">\n              <\/div>\n            <\/li>\n          <\/ul>\n        <\/div>\n\n        <div class=\"row center action-buttons-container\">\n          <a href=\"#\" class=\"btn btn-primary estimate-cost\" data-disable-with=\"<i class='fa fa-refresh fa-spin'><\/i>\" data-original-text=\"ESTIMATION\" data-estimating-text=\"Estimation...\">ESTIMATION<\/a>\n        <\/div>\n\n        <div class=\"alert alert-warning halio-form-feedback\" role=\"alert\" style=\"display: none;\"><\/div>\n\n        <div class=\"estimate-container\" style=\"display: none;\">\n          <div class=\"halio-price-container center\">\n            <span class=\"currency\">&euro;<\/span>\n            <span class=\"price\">0.00<\/span>\n          <\/div>\n\n          <ul class=\"journey-stats center\"><\/ul>\n        <\/div>\n\n        <div class=\"center halio-booking-button-container\" style=\"display: none;\">\n          <input type=\"submit\" value=\"R\u00e9server\" class=\"btn btn-success booking-button\">\n        <\/div>\n      <\/form>\n    <\/div><div class=\"col-md-8 halio-right-container\">\n      <div id=\"map\"><\/div>\n    <\/div><\/div>\n\n\n\n<p>&nbsp;<\/p>\n\n\n\n<p>Vos informations sont trait\u00e9es avec la plus stricte confidentialit\u00e9 et s\u00e9curis\u00e9es \u00e0 chaque \u00e9tape de votre r\u00e9servation. Notre service de chauffeur priv\u00e9 VTC \u00e0 Paris garantit une protection compl\u00e8te de vos donn\u00e9es personnelles, afin de vous offrir une exp\u00e9rience fiable, transparente et totalement s\u00e9curis\u00e9e, que ce soit pour un d\u00e9placement professionnel ou personnel.<\/p>\n\n\n\n<p>Profitez d\u2019un service haut de gamme, discret et ponctuel, sp\u00e9cialement con\u00e7u pour r\u00e9pondre aux exigences des voyageurs les plus exigeants. Nos chauffeurs professionnels, exp\u00e9riment\u00e9s et courtois assurent une prise en charge personnalis\u00e9e, adapt\u00e9e \u00e0 vos besoins, avec une attention particuli\u00e8re port\u00e9e au confort, \u00e0 la s\u00e9curit\u00e9 et \u00e0 la qualit\u00e9 du service.<\/p>\n\n\n\n<p>Que vous r\u00e9serviez un transfert vers l\u2019a\u00e9roport, une gare, un h\u00f4tel, un rendez-vous d\u2019affaires ou un \u00e9v\u00e9nement priv\u00e9, notre service VTC premium \u00e0 Paris vous garantit ponctualit\u00e9, \u00e9l\u00e9gance et tranquillit\u00e9 d\u2019esprit. Nos v\u00e9hicules haut de gamme sont soigneusement entretenus pour vous offrir un confort optimal \u00e0 chaque trajet.<\/p>\n\n\n\n<p>Acc\u00e9dez instantan\u00e9ment \u00e0 une exp\u00e9rience exclusive de transport priv\u00e9 \u00e0 Paris : confort, \u00e9l\u00e9gance et s\u00e9r\u00e9nit\u00e9, d\u00e8s votre r\u00e9servation. Simplifiez vos d\u00e9placements avec un chauffeur priv\u00e9 fiable, disponible 24h\/24 et 7j\/7, partout \u00e0 Paris et en \u00cele-de-France.<\/p>\n","protected":false},"excerpt":{"rendered":"<p>R\u00e9servez votre chauffeur priv\u00e9 en toute s\u00e9r\u00e9nit\u00e9 \u2b50\u2b50\u2b50\u2b50\u2b50 Not\u00e9 5\/5 sur Google &amp; TripAdvisor Prix fixe garanti \u2013 Confirmation imm\u00e9diate \u2013 Service professionnel premium &nbsp; Vos informations sont trait\u00e9es avec la plus stricte confidentialit\u00e9 et s\u00e9curis\u00e9es \u00e0 chaque \u00e9tape de votre r\u00e9servation. Notre service de chauffeur priv\u00e9 VTC \u00e0 Paris garantit une protection compl\u00e8te de&#8230; <\/p>\n<div class=\"clear\"><\/div>\n<p><a href=\"https:\/\/www.transfermove.com\/fr\/reserver\/\" class=\"limoking-button large excerpt-read-more\">Read More<\/a><\/p>\n","protected":false},"author":1,"featured_media":0,"parent":0,"menu_order":0,"comment_status":"closed","ping_status":"closed","template":"","meta":{"footnotes":""},"class_list":["post-6706","page","type-page","status-publish","hentry"],"yoast_head":"<!-- This site is optimized with the Yoast SEO plugin v27.3 - https:\/\/yoast.com\/product\/yoast-seo-wordpress\/ -->\n<title>R\u00e9servez votre course priv\u00e9e \u00e0 Paris | Transfer Move<\/title>\n<meta name=\"description\" content=\"R\u00e9servez facilement votre trajet \u00e0 Paris depuis un point de d\u00e9part vers votre destination. Paiement s\u00e9curis\u00e9 par carte ou directement au chauffeur.\" \/>\n<meta name=\"robots\" content=\"index, follow, max-snippet:-1, max-image-preview:large, max-video-preview:-1\" \/>\n<link rel=\"canonical\" href=\"https:\/\/www.transfermove.com\/fr\/reserver\/\" \/>\n<meta property=\"og:locale\" content=\"fr_FR\" \/>\n<meta property=\"og:type\" content=\"article\" \/>\n<meta property=\"og:title\" content=\"R\u00e9servez votre course priv\u00e9e \u00e0 Paris | Transfer Move\" \/>\n<meta property=\"og:description\" content=\"R\u00e9servez facilement votre trajet \u00e0 Paris depuis un point de d\u00e9part vers votre destination. Paiement s\u00e9curis\u00e9 par carte ou directement au chauffeur.\" \/>\n<meta property=\"og:url\" content=\"https:\/\/www.transfermove.com\/fr\/reserver\/\" \/>\n<meta property=\"og:site_name\" content=\"Transfer Move\" \/>\n<meta property=\"article:modified_time\" content=\"2026-02-27T15:58:58+00:00\" \/>\n<meta property=\"og:image\" content=\"https:\/\/www.transfermove.com\/wp-content\/uploads\/2025\/12\/WhatsApp-Image-2025-12-01-at-15.27.04-2.jpeg\" \/>\n\t<meta property=\"og:image:width\" content=\"1024\" \/>\n\t<meta property=\"og:image:height\" content=\"1024\" \/>\n\t<meta property=\"og:image:type\" content=\"image\/jpeg\" \/>\n<script type=\"application\/ld+json\" class=\"yoast-schema-graph\">{\"@context\":\"https:\\\/\\\/schema.org\",\"@graph\":[{\"@type\":\"WebPage\",\"@id\":\"https:\\\/\\\/www.transfermove.com\\\/fr\\\/reserver\\\/\",\"url\":\"https:\\\/\\\/www.transfermove.com\\\/fr\\\/reserver\\\/\",\"name\":\"R\u00e9servez votre course priv\u00e9e \u00e0 Paris | Transfer Move\",\"isPartOf\":{\"@id\":\"https:\\\/\\\/www.transfermove.com\\\/fr\\\/#website\"},\"datePublished\":\"2025-11-25T16:19:27+00:00\",\"dateModified\":\"2026-02-27T15:58:58+00:00\",\"description\":\"R\u00e9servez facilement votre trajet \u00e0 Paris depuis un point de d\u00e9part vers votre destination. Paiement s\u00e9curis\u00e9 par carte ou directement au chauffeur.\",\"breadcrumb\":{\"@id\":\"https:\\\/\\\/www.transfermove.com\\\/fr\\\/reserver\\\/#breadcrumb\"},\"inLanguage\":\"fr-FR\",\"potentialAction\":[{\"@type\":\"ReadAction\",\"target\":[\"https:\\\/\\\/www.transfermove.com\\\/fr\\\/reserver\\\/\"]}]},{\"@type\":\"BreadcrumbList\",\"@id\":\"https:\\\/\\\/www.transfermove.com\\\/fr\\\/reserver\\\/#breadcrumb\",\"itemListElement\":[{\"@type\":\"ListItem\",\"position\":1,\"name\":\"Home\",\"item\":\"https:\\\/\\\/www.transfermove.com\\\/fr\\\/\"},{\"@type\":\"ListItem\",\"position\":2,\"name\":\"R\u00e9server\"}]},{\"@type\":\"WebSite\",\"@id\":\"https:\\\/\\\/www.transfermove.com\\\/fr\\\/#website\",\"url\":\"https:\\\/\\\/www.transfermove.com\\\/fr\\\/\",\"name\":\"Transfer Move\",\"description\":\"\",\"publisher\":{\"@id\":\"https:\\\/\\\/www.transfermove.com\\\/fr\\\/#organization\"},\"potentialAction\":[{\"@type\":\"SearchAction\",\"target\":{\"@type\":\"EntryPoint\",\"urlTemplate\":\"https:\\\/\\\/www.transfermove.com\\\/fr\\\/?s={search_term_string}\"},\"query-input\":{\"@type\":\"PropertyValueSpecification\",\"valueRequired\":true,\"valueName\":\"search_term_string\"}}],\"inLanguage\":\"fr-FR\"},{\"@type\":\"Organization\",\"@id\":\"https:\\\/\\\/www.transfermove.com\\\/fr\\\/#organization\",\"name\":\"Transfer Move\",\"alternateName\":\"Transfer Move\",\"url\":\"https:\\\/\\\/www.transfermove.com\\\/fr\\\/\",\"logo\":{\"@type\":\"ImageObject\",\"inLanguage\":\"fr-FR\",\"@id\":\"https:\\\/\\\/www.transfermove.com\\\/fr\\\/#\\\/schema\\\/logo\\\/image\\\/\",\"url\":\"https:\\\/\\\/www.transfermove.com\\\/wp-content\\\/uploads\\\/2025\\\/12\\\/WhatsApp-Image-2025-12-01-at-15.27.04-2.jpeg\",\"contentUrl\":\"https:\\\/\\\/www.transfermove.com\\\/wp-content\\\/uploads\\\/2025\\\/12\\\/WhatsApp-Image-2025-12-01-at-15.27.04-2.jpeg\",\"width\":1024,\"height\":1024,\"caption\":\"Transfer Move\"},\"image\":{\"@id\":\"https:\\\/\\\/www.transfermove.com\\\/fr\\\/#\\\/schema\\\/logo\\\/image\\\/\"}}]}<\/script>\n<!-- \/ Yoast SEO plugin. -->","yoast_head_json":{"title":"R\u00e9servez votre course priv\u00e9e \u00e0 Paris | Transfer Move","description":"R\u00e9servez facilement votre trajet \u00e0 Paris depuis un point de d\u00e9part vers votre destination. Paiement s\u00e9curis\u00e9 par carte ou directement au chauffeur.","robots":{"index":"index","follow":"follow","max-snippet":"max-snippet:-1","max-image-preview":"max-image-preview:large","max-video-preview":"max-video-preview:-1"},"canonical":"https:\/\/www.transfermove.com\/fr\/reserver\/","og_locale":"fr_FR","og_type":"article","og_title":"R\u00e9servez votre course priv\u00e9e \u00e0 Paris | Transfer Move","og_description":"R\u00e9servez facilement votre trajet \u00e0 Paris depuis un point de d\u00e9part vers votre destination. Paiement s\u00e9curis\u00e9 par carte ou directement au chauffeur.","og_url":"https:\/\/www.transfermove.com\/fr\/reserver\/","og_site_name":"Transfer Move","article_modified_time":"2026-02-27T15:58:58+00:00","og_image":[{"width":1024,"height":1024,"url":"https:\/\/www.transfermove.com\/wp-content\/uploads\/2025\/12\/WhatsApp-Image-2025-12-01-at-15.27.04-2.jpeg","type":"image\/jpeg"}],"schema":{"@context":"https:\/\/schema.org","@graph":[{"@type":"WebPage","@id":"https:\/\/www.transfermove.com\/fr\/reserver\/","url":"https:\/\/www.transfermove.com\/fr\/reserver\/","name":"R\u00e9servez votre course priv\u00e9e \u00e0 Paris | Transfer Move","isPartOf":{"@id":"https:\/\/www.transfermove.com\/fr\/#website"},"datePublished":"2025-11-25T16:19:27+00:00","dateModified":"2026-02-27T15:58:58+00:00","description":"R\u00e9servez facilement votre trajet \u00e0 Paris depuis un point de d\u00e9part vers votre destination. Paiement s\u00e9curis\u00e9 par carte ou directement au chauffeur.","breadcrumb":{"@id":"https:\/\/www.transfermove.com\/fr\/reserver\/#breadcrumb"},"inLanguage":"fr-FR","potentialAction":[{"@type":"ReadAction","target":["https:\/\/www.transfermove.com\/fr\/reserver\/"]}]},{"@type":"BreadcrumbList","@id":"https:\/\/www.transfermove.com\/fr\/reserver\/#breadcrumb","itemListElement":[{"@type":"ListItem","position":1,"name":"Home","item":"https:\/\/www.transfermove.com\/fr\/"},{"@type":"ListItem","position":2,"name":"R\u00e9server"}]},{"@type":"WebSite","@id":"https:\/\/www.transfermove.com\/fr\/#website","url":"https:\/\/www.transfermove.com\/fr\/","name":"Transfer Move","description":"","publisher":{"@id":"https:\/\/www.transfermove.com\/fr\/#organization"},"potentialAction":[{"@type":"SearchAction","target":{"@type":"EntryPoint","urlTemplate":"https:\/\/www.transfermove.com\/fr\/?s={search_term_string}"},"query-input":{"@type":"PropertyValueSpecification","valueRequired":true,"valueName":"search_term_string"}}],"inLanguage":"fr-FR"},{"@type":"Organization","@id":"https:\/\/www.transfermove.com\/fr\/#organization","name":"Transfer Move","alternateName":"Transfer Move","url":"https:\/\/www.transfermove.com\/fr\/","logo":{"@type":"ImageObject","inLanguage":"fr-FR","@id":"https:\/\/www.transfermove.com\/fr\/#\/schema\/logo\/image\/","url":"https:\/\/www.transfermove.com\/wp-content\/uploads\/2025\/12\/WhatsApp-Image-2025-12-01-at-15.27.04-2.jpeg","contentUrl":"https:\/\/www.transfermove.com\/wp-content\/uploads\/2025\/12\/WhatsApp-Image-2025-12-01-at-15.27.04-2.jpeg","width":1024,"height":1024,"caption":"Transfer Move"},"image":{"@id":"https:\/\/www.transfermove.com\/fr\/#\/schema\/logo\/image\/"}}]}},"_links":{"self":[{"href":"https:\/\/www.transfermove.com\/fr\/wp-json\/wp\/v2\/pages\/6706","targetHints":{"allow":["GET"]}}],"collection":[{"href":"https:\/\/www.transfermove.com\/fr\/wp-json\/wp\/v2\/pages"}],"about":[{"href":"https:\/\/www.transfermove.com\/fr\/wp-json\/wp\/v2\/types\/page"}],"author":[{"embeddable":true,"href":"https:\/\/www.transfermove.com\/fr\/wp-json\/wp\/v2\/users\/1"}],"replies":[{"embeddable":true,"href":"https:\/\/www.transfermove.com\/fr\/wp-json\/wp\/v2\/comments?post=6706"}],"version-history":[{"count":10,"href":"https:\/\/www.transfermove.com\/fr\/wp-json\/wp\/v2\/pages\/6706\/revisions"}],"predecessor-version":[{"id":7309,"href":"https:\/\/www.transfermove.com\/fr\/wp-json\/wp\/v2\/pages\/6706\/revisions\/7309"}],"wp:attachment":[{"href":"https:\/\/www.transfermove.com\/fr\/wp-json\/wp\/v2\/media?parent=6706"}],"curies":[{"name":"wp","href":"https:\/\/api.w.org\/{rel}","templated":true}]}}